{"id":836,"date":"2021-02-02T02:12:19","date_gmt":"2021-02-02T05:12:19","guid":{"rendered":"https:\/\/economiaextrema.com\/index.php\/all-courses\/"},"modified":"2024-02-19T00:35:03","modified_gmt":"2024-02-19T03:35:03","slug":"mi-libro-y-mis-cursos","status":"publish","type":"page","link":"https:\/\/economiaextrema.com\/index.php\/mi-libro-y-mis-cursos\/","title":{"rendered":"Mi Libro y Mis Cursos"},"content":{"rendered":"\t\t<div data-elementor-type=\"wp-page\" data-elementor-id=\"836\" class=\"elementor elementor-836\">\n\t\t\t\t<div class=\"elementor-element elementor-element-2a36f09 e-flex e-con-boxed e-con e-parent\" data-id=\"2a36f09\" data-element_type=\"container\">\n\t\t\t\t\t<div class=\"e-con-inner\">\n\t\t\t\t<div class=\"elementor-element elementor-element-5cf4cda elementor-widget elementor-widget-spacer\" data-id=\"5cf4cda\" data-element_type=\"widget\" data-widget_type=\"spacer.default\">\n\t\t\t\t<div class=\"elementor-widget-container\">\n\t\t\t\t\t\t\t<div class=\"elementor-spacer\">\n\t\t\t<div class=\"elementor-spacer-inner\"><\/div>\n\t\t<\/div>\n\t\t\t\t\t\t<\/div>\n\t\t\t\t<\/div>\n\t\t\t\t\t<\/div>\n\t\t\t\t<\/div>\n\t\t<div class=\"elementor-element elementor-element-9bbd1e5 e-flex e-con-boxed e-con e-parent\" data-id=\"9bbd1e5\" data-element_type=\"container\">\n\t\t\t\t\t<div class=\"e-con-inner\">\n\t\t\t\t<div class=\"elementor-element elementor-element-bc8f6cb elementor-widget elementor-widget-image\" data-id=\"bc8f6cb\" data-element_type=\"widget\" data-widget_type=\"image.default\">\n\t\t\t\t<div class=\"elementor-widget-container\">\n\t\t\t\t\t\t\t\t\t\t\t\t\t\t\t<img fetchpriority=\"high\" decoding=\"async\" width=\"946\" height=\"273\" src=\"https:\/\/economiaextrema.com\/wp-content\/uploads\/2024\/02\/4-titulo-libro.png\" class=\"attachment-large size-large wp-image-2406\" alt=\"\" srcset=\"https:\/\/economiaextrema.com\/wp-content\/uploads\/2024\/02\/4-titulo-libro.png 946w, https:\/\/economiaextrema.com\/wp-content\/uploads\/2024\/02\/4-titulo-libro-300x87.png 300w, https:\/\/economiaextrema.com\/wp-content\/uploads\/2024\/02\/4-titulo-libro-768x222.png 768w\" sizes=\"(max-width: 946px) 100vw, 946px\" \/>\t\t\t\t\t\t\t\t\t\t\t\t\t\t\t<\/div>\n\t\t\t\t<\/div>\n\t\t\t\t\t<\/div>\n\t\t\t\t<\/div>\n\t\t<div class=\"elementor-element elementor-element-06d7ff0 e-flex e-con-boxed e-con e-parent\" data-id=\"06d7ff0\" data-element_type=\"container\">\n\t\t\t\t\t<div class=\"e-con-inner\">\n\t\t\t\t<div class=\"elementor-element elementor-element-8e99edc elementor-widget elementor-widget-heading\" data-id=\"8e99edc\" data-element_type=\"widget\" data-widget_type=\"heading.default\">\n\t\t\t\t<div class=\"elementor-widget-container\">\n\t\t\t\t\t<h6 class=\"elementor-heading-title elementor-size-medium\">\u00bfQu\u00e9 lo hace \u00fanico?\nEs nuevo en su g\u00e9nero: Econom\u00eda y cuentos de terror! Trata temas econ\u00f3micos actuales desde una perspectiva distinta, fresca. Mostrando los problemas en su forma m\u00e1s grotesca y caricaturesca, mezclados con un toque de terror, realismo m\u00e1gico y fant\u00e1stico. Siempre dej\u00e1ndonos una ense\u00f1anza. Es un compilado de 55 cuentos cortos y un ep\u00edlogo final<\/h6>\t\t\t\t<\/div>\n\t\t\t\t<\/div>\n\t\t\t\t\t<\/div>\n\t\t\t\t<\/div>\n\t\t<div class=\"elementor-element elementor-element-907c1f2 e-flex e-con-boxed e-con e-parent\" data-id=\"907c1f2\" data-element_type=\"container\">\n\t\t\t\t\t<div class=\"e-con-inner\">\n\t\t<div class=\"elementor-element elementor-element-df3a4d8 e-con-full e-flex e-con e-child\" data-id=\"df3a4d8\" data-element_type=\"container\">\n\t\t\t\t<div class=\"elementor-element elementor-element-a52116a elementor-widget elementor-widget-image\" data-id=\"a52116a\" data-element_type=\"widget\" data-widget_type=\"image.default\">\n\t\t\t\t<div class=\"elementor-widget-container\">\n\t\t\t\t\t\t\t\t\t\t\t\t\t\t\t<img decoding=\"async\" width=\"507\" height=\"697\" src=\"https:\/\/economiaextrema.com\/wp-content\/uploads\/2023\/12\/tapa-2.png\" class=\"attachment-large size-large wp-image-2036\" alt=\"\" srcset=\"https:\/\/economiaextrema.com\/wp-content\/uploads\/2023\/12\/tapa-2.png 507w, https:\/\/economiaextrema.com\/wp-content\/uploads\/2023\/12\/tapa-2-218x300.png 218w\" sizes=\"(max-width: 507px) 100vw, 507px\" \/>\t\t\t\t\t\t\t\t\t\t\t\t\t\t\t<\/div>\n\t\t\t\t<\/div>\n\t\t\t\t<\/div>\n\t\t<div class=\"elementor-element elementor-element-c32207e e-con-full e-flex e-con e-child\" data-id=\"c32207e\" data-element_type=\"container\">\n\t\t\t\t<div class=\"elementor-element elementor-element-d068953 elementor-widget elementor-widget-image\" data-id=\"d068953\" data-element_type=\"widget\" data-widget_type=\"image.default\">\n\t\t\t\t<div class=\"elementor-widget-container\">\n\t\t\t\t\t\t\t\t\t\t\t\t\t\t\t<img decoding=\"async\" width=\"480\" height=\"701\" src=\"https:\/\/economiaextrema.com\/wp-content\/uploads\/2023\/12\/Contrataopa-Libro.png\" class=\"attachment-large size-large wp-image-1917\" alt=\"\" srcset=\"https:\/\/economiaextrema.com\/wp-content\/uploads\/2023\/12\/Contrataopa-Libro.png 480w, https:\/\/economiaextrema.com\/wp-content\/uploads\/2023\/12\/Contrataopa-Libro-205x300.png 205w\" sizes=\"(max-width: 480px) 100vw, 480px\" \/>\t\t\t\t\t\t\t\t\t\t\t\t\t\t\t<\/div>\n\t\t\t\t<\/div>\n\t\t\t\t<\/div>\n\t\t\t\t\t<\/div>\n\t\t\t\t<\/div>\n\t\t<div class=\"elementor-element elementor-element-eacb731 e-flex e-con-boxed e-con e-parent\" data-id=\"eacb731\" data-element_type=\"container\">\n\t\t\t\t\t<div class=\"e-con-inner\">\n\t\t\t\t\t<\/div>\n\t\t\t\t<\/div>\n\t\t<div class=\"elementor-element elementor-element-70a9c47 e-flex e-con-boxed e-con e-parent\" data-id=\"70a9c47\" data-element_type=\"container\">\n\t\t\t\t\t<div class=\"e-con-inner\">\n\t\t<div class=\"elementor-element elementor-element-95c5fab e-con-full e-flex e-con e-child\" data-id=\"95c5fab\" data-element_type=\"container\">\n\t\t\t\t<div class=\"elementor-element elementor-element-815c135 elementor-widget elementor-widget-heading\" data-id=\"815c135\" data-element_type=\"widget\" data-widget_type=\"heading.default\">\n\t\t\t\t<div class=\"elementor-widget-container\">\n\t\t\t\t\t<h6 class=\"elementor-heading-title elementor-size-default\">Disponible en Mercado Libre y Editorial Dunken. Muy pronto en la red de librer\u00edas de Yenny, C\u00faspide y El Ateneo de todo el Pa\u00eds!!<\/h6>\t\t\t\t<\/div>\n\t\t\t\t<\/div>\n\t\t\t\t<\/div>\n\t\t<div class=\"elementor-element elementor-element-e526464 e-con-full e-flex e-con e-child\" data-id=\"e526464\" data-element_type=\"container\">\n\t\t\t\t<div class=\"elementor-element elementor-element-91652e6 elementor-widget elementor-widget-button\" data-id=\"91652e6\" data-element_type=\"widget\" data-widget_type=\"button.default\">\n\t\t\t\t<div class=\"elementor-widget-container\">\n\t\t\t\t\t\t\t\t\t<div class=\"elementor-button-wrapper\">\n\t\t\t\t\t<a class=\"elementor-button elementor-button-link elementor-size-sm\" href=\"https:\/\/articulo.mercadolibre.com.ar\/MLA-1398390193-cuentos-en-papel-moneda-relatos-de-terror-y-economia-_JM#position=11&#038;search_layout=stack&#038;type=item&#038;tracking_id=f914b8dc-6815-4e40-a93f-f73f42f3a3b1\">\n\t\t\t\t\t\t<span class=\"elementor-button-content-wrapper\">\n\t\t\t\t\t\t\t\t\t<span class=\"elementor-button-text\">Comprar libro en Mercado Libre<\/span>\n\t\t\t\t\t<\/span>\n\t\t\t\t\t<\/a>\n\t\t\t\t<\/div>\n\t\t\t\t\t\t\t\t<\/div>\n\t\t\t\t<\/div>\n\t\t\t\t<\/div>\n\t\t\t\t\t<\/div>\n\t\t\t\t<\/div>\n\t\t<div class=\"elementor-element elementor-element-ce8ec3a e-flex e-con-boxed e-con e-parent\" data-id=\"ce8ec3a\" data-element_type=\"container\">\n\t\t\t\t\t<div class=\"e-con-inner\">\n\t\t\t\t\t<\/div>\n\t\t\t\t<\/div>\n\t\t<div class=\"elementor-element elementor-element-034a57d e-flex e-con-boxed e-con e-parent\" data-id=\"034a57d\" data-element_type=\"container\">\n\t\t\t\t\t<div class=\"e-con-inner\">\n\t\t<div class=\"elementor-element elementor-element-b568dce e-con-full e-flex e-con e-child\" data-id=\"b568dce\" data-element_type=\"container\">\n\t\t\t\t<div class=\"elementor-element elementor-element-4b1ce35 elementor-widget__width-initial elementor-widget elementor-widget-image\" data-id=\"4b1ce35\" data-element_type=\"widget\" data-widget_type=\"image.default\">\n\t\t\t\t<div class=\"elementor-widget-container\">\n\t\t\t\t\t\t\t\t\t\t\t\t\t\t\t<img loading=\"lazy\" decoding=\"async\" width=\"218\" height=\"698\" src=\"https:\/\/economiaextrema.com\/wp-content\/uploads\/2023\/12\/Solapa-.png\" class=\"attachment-large size-large wp-image-1990\" alt=\"\" srcset=\"https:\/\/economiaextrema.com\/wp-content\/uploads\/2023\/12\/Solapa-.png 218w, https:\/\/economiaextrema.com\/wp-content\/uploads\/2023\/12\/Solapa--94x300.png 94w\" sizes=\"(max-width: 218px) 100vw, 218px\" \/>\t\t\t\t\t\t\t\t\t\t\t\t\t\t\t<\/div>\n\t\t\t\t<\/div>\n\t\t\t\t<\/div>\n\t\t<div class=\"elementor-element elementor-element-a663bb6 e-con-full e-flex e-con e-child\" data-id=\"a663bb6\" data-element_type=\"container\">\n\t\t\t\t<div class=\"elementor-element elementor-element-35c755e elementor-widget elementor-widget-text-editor\" data-id=\"35c755e\" data-element_type=\"widget\" data-widget_type=\"text-editor.default\">\n\t\t\t\t<div class=\"elementor-widget-container\">\n\t\t\t\t\t\t\t\t\t<p><strong>Sinopsis: <\/strong>En estos tiempos tumultuosos, en los que la cultura se ve envuelta en una crisis sin precedentes y los valores parecen diluirse en la vor\u00e1gine de la indiferencia, nos encontramos inmersos en un enga\u00f1o colectivo. Se nos hizo creer que ciertas posturas pol\u00edticas y econ\u00f3micas, como el populismo y el intervencionismo, eran el camino hacia un bienestar social. Sin embargo, hoy podemos afirmar con certeza que estas fueron simples mentiras que han desgarrado el tejido de nuestra sociedad y ahora pretenden despojarnos de cualquier ilusi\u00f3n de un futuro mejor.<br \/>Estos cuentos tienen la intenci\u00f3n de mostrar la realidad de una forma distinta, m\u00e1s amena, sin t\u00e9rminos engorrosos, con historias que nos pueden pasar a cualquiera de nosotros. Son situaciones terribles que, de una manera u otra, nos afectan a todos, en mayor o menor medida, pero que nos ocurren cada vez con mayor frecuencia. A trav\u00e9s de distintos recursos literarios que ir\u00e1n descubriendo a medida que avancen, tratar\u00e9 de explicar y plasmar estas atrocidades econ\u00f3micas que vivimos a diario.<br \/>Con cada relato, invito a los lectores a reflexionar sobre el papel del Estado, el gobierno, los pol\u00edticos, los empresarios y la sociedad en la configuraci\u00f3n de nuestro destino com\u00fan. Espero que estos cuentos, con su toque de terror y emoci\u00f3n, los atrapen y los impulsen a cuestionar el statu quo y a construir un futuro m\u00e1s justo y esperanzador para todos.<\/p>\t\t\t\t\t\t\t\t<\/div>\n\t\t\t\t<\/div>\n\t\t\t\t<\/div>\n\t\t<div class=\"elementor-element elementor-element-89d0473 e-con-full e-flex e-con e-child\" data-id=\"89d0473\" data-element_type=\"container\">\n\t\t\t\t<div class=\"elementor-element elementor-element-2945216 elementor-widget elementor-widget-image\" data-id=\"2945216\" data-element_type=\"widget\" data-widget_type=\"image.default\">\n\t\t\t\t<div class=\"elementor-widget-container\">\n\t\t\t\t\t\t\t\t\t\t\t\t\t\t\t<img loading=\"lazy\" decoding=\"async\" width=\"218\" height=\"696\" src=\"https:\/\/economiaextrema.com\/wp-content\/uploads\/2023\/12\/Solapa-2.png\" class=\"attachment-large size-large wp-image-1991\" alt=\"\" srcset=\"https:\/\/economiaextrema.com\/wp-content\/uploads\/2023\/12\/Solapa-2.png 218w, https:\/\/economiaextrema.com\/wp-content\/uploads\/2023\/12\/Solapa-2-94x300.png 94w\" sizes=\"(max-width: 218px) 100vw, 218px\" \/>\t\t\t\t\t\t\t\t\t\t\t\t\t\t\t<\/div>\n\t\t\t\t<\/div>\n\t\t\t\t<\/div>\n\t\t\t\t\t<\/div>\n\t\t\t\t<\/div>\n\t\t<div class=\"elementor-element elementor-element-24ef19a e-flex e-con-boxed e-con e-parent\" data-id=\"24ef19a\" data-element_type=\"container\">\n\t\t\t\t\t<div class=\"e-con-inner\">\n\t\t\t\t\t<\/div>\n\t\t\t\t<\/div>\n\t\t<div class=\"elementor-element elementor-element-74c7cbb e-flex e-con-boxed e-con e-parent\" data-id=\"74c7cbb\" data-element_type=\"container\">\n\t\t\t\t\t<div class=\"e-con-inner\">\n\t\t\t\t<div class=\"elementor-element elementor-element-21e92af elementor-widget elementor-widget-heading\" data-id=\"21e92af\" data-element_type=\"widget\" data-widget_type=\"heading.default\">\n\t\t\t\t<div class=\"elementor-widget-container\">\n\t\t\t\t\t<h2 class=\"elementor-heading-title elementor-size-default\">Experiencia de los lectores<\/h2>\t\t\t\t<\/div>\n\t\t\t\t<\/div>\n\t\t\t\t\t<\/div>\n\t\t\t\t<\/div>\n\t\t<div class=\"elementor-element elementor-element-c95cd46 e-flex e-con-boxed e-con e-parent\" data-id=\"c95cd46\" data-element_type=\"container\">\n\t\t\t\t\t<div class=\"e-con-inner\">\n\t\t\t\t\t<\/div>\n\t\t\t\t<\/div>\n\t\t<div class=\"elementor-element elementor-element-f4e4b72 e-flex e-con-boxed e-con e-parent\" data-id=\"f4e4b72\" data-element_type=\"container\">\n\t\t\t\t\t<div class=\"e-con-inner\">\n\t\t<div class=\"elementor-element elementor-element-3cdec4f e-con-full e-flex e-con e-child\" data-id=\"3cdec4f\" data-element_type=\"container\">\n\t\t\t\t<div class=\"elementor-element elementor-element-b14dd22 elementor-widget elementor-widget-testimonial\" data-id=\"b14dd22\" data-element_type=\"widget\" data-widget_type=\"testimonial.default\">\n\t\t\t\t<div class=\"elementor-widget-container\">\n\t\t\t\t\t\t\t<div class=\"elementor-testimonial-wrapper\">\n\t\t\t\t\t\t\t<div class=\"elementor-testimonial-content\">El libro es una locura total. Tiene mucho potencial. Es algo absolutamente nuevo.<\/div>\n\t\t\t\n\t\t\t\t\t\t<div class=\"elementor-testimonial-meta elementor-has-image elementor-testimonial-image-position-aside\">\n\t\t\t\t<div class=\"elementor-testimonial-meta-inner\">\n\t\t\t\t\t\t\t\t\t\t\t<div class=\"elementor-testimonial-image\">\n\t\t\t\t\t\t\t<img decoding=\"async\" src=\"https:\/\/economiaextrema.com\/wp-content\/plugins\/elementor\/assets\/images\/placeholder.png\" title=\"\" alt=\"\" loading=\"lazy\" \/>\t\t\t\t\t\t<\/div>\n\t\t\t\t\t\n\t\t\t\t\t\t\t\t\t\t<div class=\"elementor-testimonial-details\">\n\t\t\t\t\t\t\t\t\t\t\t\t\t\t<div class=\"elementor-testimonial-name\">David<\/div>\n\t\t\t\t\t\t\t\t\t\t\t\t\t\t\t\t\t\t\t<\/div>\n\t\t\t\t\t\t\t\t\t<\/div>\n\t\t\t<\/div>\n\t\t\t\t\t<\/div>\n\t\t\t\t\t\t<\/div>\n\t\t\t\t<\/div>\n\t\t\t\t<\/div>\n\t\t<div class=\"elementor-element elementor-element-ac886e2 e-con-full e-flex e-con e-child\" data-id=\"ac886e2\" data-element_type=\"container\">\n\t\t\t\t<div class=\"elementor-element elementor-element-144f939 elementor-widget elementor-widget-testimonial\" data-id=\"144f939\" data-element_type=\"widget\" data-widget_type=\"testimonial.default\">\n\t\t\t\t<div class=\"elementor-widget-container\">\n\t\t\t\t\t\t\t<div class=\"elementor-testimonial-wrapper\">\n\t\t\t\t\t\t\t<div class=\"elementor-testimonial-content\">Fant\u00e1stico. Pero me dej\u00f3 con ganas de conocer m\u00e1s de sus personajes y universos. Ojal\u00e1 pronto salga una una segunda parte.<\/div>\n\t\t\t\n\t\t\t\t\t\t<div class=\"elementor-testimonial-meta elementor-has-image elementor-testimonial-image-position-aside\">\n\t\t\t\t<div class=\"elementor-testimonial-meta-inner\">\n\t\t\t\t\t\t\t\t\t\t\t<div class=\"elementor-testimonial-image\">\n\t\t\t\t\t\t\t<img decoding=\"async\" src=\"https:\/\/economiaextrema.com\/wp-content\/plugins\/elementor\/assets\/images\/placeholder.png\" title=\"\" alt=\"\" loading=\"lazy\" \/>\t\t\t\t\t\t<\/div>\n\t\t\t\t\t\n\t\t\t\t\t\t\t\t\t\t<div class=\"elementor-testimonial-details\">\n\t\t\t\t\t\t\t\t\t\t\t\t\t\t<div class=\"elementor-testimonial-name\">Silvio<\/div>\n\t\t\t\t\t\t\t\t\t\t\t\t\t\t\t\t\t\t\t<\/div>\n\t\t\t\t\t\t\t\t\t<\/div>\n\t\t\t<\/div>\n\t\t\t\t\t<\/div>\n\t\t\t\t\t\t<\/div>\n\t\t\t\t<\/div>\n\t\t\t\t<\/div>\n\t\t<div class=\"elementor-element elementor-element-e9fa751 e-con-full e-flex e-con e-child\" data-id=\"e9fa751\" data-element_type=\"container\">\n\t\t\t\t<div class=\"elementor-element elementor-element-0cf2882 elementor-widget elementor-widget-testimonial\" data-id=\"0cf2882\" data-element_type=\"widget\" data-widget_type=\"testimonial.default\">\n\t\t\t\t<div class=\"elementor-widget-container\">\n\t\t\t\t\t\t\t<div class=\"elementor-testimonial-wrapper\">\n\t\t\t\t\t\t\t<div class=\"elementor-testimonial-content\">Un g\u00e9nero completamente nuevo. Una forma de ver la realidad muy original. Entre la risa y el terror. Qued\u00e9 completamente enganchada.<\/div>\n\t\t\t\n\t\t\t\t\t\t<div class=\"elementor-testimonial-meta elementor-has-image elementor-testimonial-image-position-aside\">\n\t\t\t\t<div class=\"elementor-testimonial-meta-inner\">\n\t\t\t\t\t\t\t\t\t\t\t<div class=\"elementor-testimonial-image\">\n\t\t\t\t\t\t\t<img decoding=\"async\" src=\"https:\/\/economiaextrema.com\/wp-content\/plugins\/elementor\/assets\/images\/placeholder.png\" title=\"\" alt=\"\" loading=\"lazy\" \/>\t\t\t\t\t\t<\/div>\n\t\t\t\t\t\n\t\t\t\t\t\t\t\t\t\t<div class=\"elementor-testimonial-details\">\n\t\t\t\t\t\t\t\t\t\t\t\t\t\t<div class=\"elementor-testimonial-name\">Cecilia<\/div>\n\t\t\t\t\t\t\t\t\t\t\t\t\t\t\t\t\t\t\t<\/div>\n\t\t\t\t\t\t\t\t\t<\/div>\n\t\t\t<\/div>\n\t\t\t\t\t<\/div>\n\t\t\t\t\t\t<\/div>\n\t\t\t\t<\/div>\n\t\t\t\t<\/div>\n\t\t<div class=\"elementor-element elementor-element-2343162 e-con-full e-flex e-con e-child\" data-id=\"2343162\" data-element_type=\"container\">\n\t\t\t\t<div class=\"elementor-element elementor-element-941254a elementor-widget elementor-widget-testimonial\" data-id=\"941254a\" data-element_type=\"widget\" data-widget_type=\"testimonial.default\">\n\t\t\t\t<div class=\"elementor-widget-container\">\n\t\t\t\t\t\t\t<div class=\"elementor-testimonial-wrapper\">\n\t\t\t\t\t\t\t<div class=\"elementor-testimonial-content\">Me encantaron los cuentos. Sobre todo que son muy cortos, pero super atrapantes<\/div>\n\t\t\t\n\t\t\t\t\t\t<div class=\"elementor-testimonial-meta elementor-has-image elementor-testimonial-image-position-aside\">\n\t\t\t\t<div class=\"elementor-testimonial-meta-inner\">\n\t\t\t\t\t\t\t\t\t\t\t<div class=\"elementor-testimonial-image\">\n\t\t\t\t\t\t\t<img decoding=\"async\" src=\"https:\/\/economiaextrema.com\/wp-content\/plugins\/elementor\/assets\/images\/placeholder.png\" title=\"\" alt=\"\" loading=\"lazy\" \/>\t\t\t\t\t\t<\/div>\n\t\t\t\t\t\n\t\t\t\t\t\t\t\t\t\t<div class=\"elementor-testimonial-details\">\n\t\t\t\t\t\t\t\t\t\t\t\t\t\t<div class=\"elementor-testimonial-name\">Carlos<\/div>\n\t\t\t\t\t\t\t\t\t\t\t\t\t\t\t\t\t\t\t<\/div>\n\t\t\t\t\t\t\t\t\t<\/div>\n\t\t\t<\/div>\n\t\t\t\t\t<\/div>\n\t\t\t\t\t\t<\/div>\n\t\t\t\t<\/div>\n\t\t\t\t<\/div>\n\t\t<div class=\"elementor-element elementor-element-a69ab98 e-con-full e-flex e-con e-child\" data-id=\"a69ab98\" data-element_type=\"container\">\n\t\t\t\t<div class=\"elementor-element elementor-element-8fbd48a elementor-widget elementor-widget-testimonial\" data-id=\"8fbd48a\" data-element_type=\"widget\" data-widget_type=\"testimonial.default\">\n\t\t\t\t<div class=\"elementor-widget-container\">\n\t\t\t\t\t\t\t<div class=\"elementor-testimonial-wrapper\">\n\t\t\t\t\t\t\t<div class=\"elementor-testimonial-content\">Un libro distinto.<\/div>\n\t\t\t\n\t\t\t\t\t\t<div class=\"elementor-testimonial-meta elementor-has-image elementor-testimonial-image-position-aside\">\n\t\t\t\t<div class=\"elementor-testimonial-meta-inner\">\n\t\t\t\t\t\t\t\t\t\t\t<div class=\"elementor-testimonial-image\">\n\t\t\t\t\t\t\t<img decoding=\"async\" src=\"https:\/\/economiaextrema.com\/wp-content\/plugins\/elementor\/assets\/images\/placeholder.png\" title=\"\" alt=\"\" loading=\"lazy\" \/>\t\t\t\t\t\t<\/div>\n\t\t\t\t\t\n\t\t\t\t\t\t\t\t\t\t<div class=\"elementor-testimonial-details\">\n\t\t\t\t\t\t\t\t\t\t\t\t\t\t<div class=\"elementor-testimonial-name\">Romina<\/div>\n\t\t\t\t\t\t\t\t\t\t\t\t\t\t\t\t\t\t\t<\/div>\n\t\t\t\t\t\t\t\t\t<\/div>\n\t\t\t<\/div>\n\t\t\t\t\t<\/div>\n\t\t\t\t\t\t<\/div>\n\t\t\t\t<\/div>\n\t\t\t\t<\/div>\n\t\t<div class=\"elementor-element elementor-element-76b8e30 e-con-full e-flex e-con e-child\" data-id=\"76b8e30\" data-element_type=\"container\">\n\t\t\t\t<div class=\"elementor-element elementor-element-44f2701 elementor-widget elementor-widget-testimonial\" data-id=\"44f2701\" data-element_type=\"widget\" data-widget_type=\"testimonial.default\">\n\t\t\t\t<div class=\"elementor-widget-container\">\n\t\t\t\t\t\t\t<div class=\"elementor-testimonial-wrapper\">\n\t\t\t\t\t\t\t<div class=\"elementor-testimonial-content\">Lo mas raro que le\u00ed en econom\u00eda, no sabia que exist\u00edan cuentos de econom\u00eda. Excelentes narraciones y sobre todo muy creativos.<\/div>\n\t\t\t\n\t\t\t\t\t\t<div class=\"elementor-testimonial-meta elementor-has-image elementor-testimonial-image-position-aside\">\n\t\t\t\t<div class=\"elementor-testimonial-meta-inner\">\n\t\t\t\t\t\t\t\t\t\t\t<div class=\"elementor-testimonial-image\">\n\t\t\t\t\t\t\t<img decoding=\"async\" src=\"https:\/\/economiaextrema.com\/wp-content\/plugins\/elementor\/assets\/images\/placeholder.png\" title=\"\" alt=\"\" loading=\"lazy\" \/>\t\t\t\t\t\t<\/div>\n\t\t\t\t\t\n\t\t\t\t\t\t\t\t\t\t<div class=\"elementor-testimonial-details\">\n\t\t\t\t\t\t\t\t\t\t\t\t\t\t<div class=\"elementor-testimonial-name\">Carolina<\/div>\n\t\t\t\t\t\t\t\t\t\t\t\t\t\t\t\t\t\t\t<\/div>\n\t\t\t\t\t\t\t\t\t<\/div>\n\t\t\t<\/div>\n\t\t\t\t\t<\/div>\n\t\t\t\t\t\t<\/div>\n\t\t\t\t<\/div>\n\t\t\t\t<\/div>\n\t\t\t\t\t<\/div>\n\t\t\t\t<\/div>\n\t\t<div class=\"elementor-element elementor-element-03a1ceb e-flex e-con-boxed e-con e-parent\" data-id=\"03a1ceb\" data-element_type=\"container\">\n\t\t\t\t\t<div class=\"e-con-inner\">\n\t\t\t\t\t<\/div>\n\t\t\t\t<\/div>\n\t\t<div class=\"elementor-element elementor-element-de9dea5 e-flex e-con-boxed e-con e-parent\" data-id=\"de9dea5\" data-element_type=\"container\">\n\t\t\t\t\t<div class=\"e-con-inner\">\n\t\t\t\t\t<\/div>\n\t\t\t\t<\/div>\n\t\t<div class=\"elementor-element elementor-element-c7f822c e-flex e-con-boxed e-con e-parent\" data-id=\"c7f822c\" data-element_type=\"container\">\n\t\t\t\t\t<div class=\"e-con-inner\">\n\t\t\t\t\t<\/div>\n\t\t\t\t<\/div>\n\t\t\t\t<\/div>\n\t\t","protected":false},"excerpt":{"rendered":"<p>\u00bfQu\u00e9 lo hace \u00fanico? Es nuevo en su g\u00e9nero: Econom\u00eda y cuentos de terror! Trata temas econ\u00f3micos actuales desde una perspectiva distinta, fresca. Mostrando los problemas en su forma m\u00e1s grotesca y caricaturesca, mezclados con un toque de terror, realismo m\u00e1gico y fant\u00e1stico. Siempre dej\u00e1ndonos una ense\u00f1anza. Es un compilado de 55 cuentos cortos y [&hellip;]<\/p>\n","protected":false},"author":1,"featured_media":0,"parent":0,"menu_order":0,"comment_status":"closed","ping_status":"closed","template":"","meta":{"_uag_custom_page_level_css":"","site-sidebar-layout":"no-sidebar","site-content-layout":"page-builder","ast-site-content-layout":"","site-content-style":"default","site-sidebar-style":"default","ast-global-header-display":"","ast-banner-title-visibility":"","ast-main-header-display":"","ast-hfb-above-header-display":"","ast-hfb-below-header-display":"","ast-hfb-mobile-header-display":"","site-post-title":"disabled","ast-breadcrumbs-content":"disabled","ast-featured-img":"disabled","footer-sml-layout":"","theme-transparent-header-meta":"enabled","adv-header-id-meta":"","stick-header-meta":"","header-above-stick-meta":"","header-main-stick-meta":"","header-below-stick-meta":"","astra-migrate-meta-layouts":"default","ast-page-background-enabled":"default","ast-page-background-meta":{"desktop":{"background-color":"","background-image":"","background-repeat":"repeat","background-position":"center center","background-size":"auto","background-attachment":"scroll","background-type":"","background-media":"","overlay-type":"","overlay-color":"","overlay-opacity":"","overlay-gradient":""},"tablet":{"background-color":"","background-image":"","background-repeat":"repeat","background-position":"center center","background-size":"auto","background-attachment":"scroll","background-type":"","background-media":"","overlay-type":"","overlay-color":"","overlay-opacity":"","overlay-gradient":""},"mobile":{"background-color":"","background-image":"","background-repeat":"repeat","background-position":"center center","background-size":"auto","background-attachment":"scroll","background-type":"","background-media":"","overlay-type":"","overlay-color":"","overlay-opacity":"","overlay-gradient":""}},"ast-content-background-meta":{"desktop":{"background-color":"var(--ast-global-color-5)","background-image":"","background-repeat":"repeat","background-position":"center center","background-size":"auto","background-attachment":"scroll","background-type":"","background-media":"","overlay-type":"","overlay-color":"","overlay-opacity":"","overlay-gradient":""},"tablet":{"background-color":"var(--ast-global-color-5)","background-image":"","background-repeat":"repeat","background-position":"center center","background-size":"auto","background-attachment":"scroll","background-type":"","background-media":"","overlay-type":"","overlay-color":"","overlay-opacity":"","overlay-gradient":""},"mobile":{"background-color":"var(--ast-global-color-5)","background-image":"","background-repeat":"repeat","background-position":"center center","background-size":"auto","background-attachment":"scroll","background-type":"","background-media":"","overlay-type":"","overlay-color":"","overlay-opacity":"","overlay-gradient":""}},"footnotes":""},"class_list":["post-836","page","type-page","status-publish","hentry"],"uagb_featured_image_src":{"full":false,"thumbnail":false,"medium":false,"medium_large":false,"large":false,"1536x1536":false,"2048x2048":false},"uagb_author_info":{"display_name":"economiaextrema.com","author_link":"https:\/\/economiaextrema.com\/index.php\/author\/economiaextrema-com\/"},"uagb_comment_info":0,"uagb_excerpt":"\u00bfQu\u00e9 lo hace \u00fanico? Es nuevo en su g\u00e9nero: Econom\u00eda y cuentos de terror! Trata temas econ\u00f3micos actuales desde una perspectiva distinta, fresca. Mostrando los problemas en su forma m\u00e1s grotesca y caricaturesca, mezclados con un toque de terror, realismo m\u00e1gico y fant\u00e1stico. Siempre dej\u00e1ndonos una ense\u00f1anza. Es un compilado de 55 cuentos cortos y&hellip;","_links":{"self":[{"href":"https:\/\/economiaextrema.com\/index.php\/wp-json\/wp\/v2\/pages\/836","targetHints":{"allow":["GET"]}}],"collection":[{"href":"https:\/\/economiaextrema.com\/index.php\/wp-json\/wp\/v2\/pages"}],"about":[{"href":"https:\/\/economiaextrema.com\/index.php\/wp-json\/wp\/v2\/types\/page"}],"author":[{"embeddable":true,"href":"https:\/\/economiaextrema.com\/index.php\/wp-json\/wp\/v2\/users\/1"}],"replies":[{"embeddable":true,"href":"https:\/\/economiaextrema.com\/index.php\/wp-json\/wp\/v2\/comments?post=836"}],"version-history":[{"count":258,"href":"https:\/\/economiaextrema.com\/index.php\/wp-json\/wp\/v2\/pages\/836\/revisions"}],"predecessor-version":[{"id":2536,"href":"https:\/\/economiaextrema.com\/index.php\/wp-json\/wp\/v2\/pages\/836\/revisions\/2536"}],"wp:attachment":[{"href":"https:\/\/economiaextrema.com\/index.php\/wp-json\/wp\/v2\/media?parent=836"}],"curies":[{"name":"wp","href":"https:\/\/api.w.org\/{rel}","templated":true}]}}